{"id":2933,"date":"2025-01-26T12:45:39","date_gmt":"2025-01-26T12:45:39","guid":{"rendered":"https:\/\/clinicadentalvitalcr.com\/?page_id=2933"},"modified":"2025-02-04T05:40:15","modified_gmt":"2025-02-04T05:40:15","slug":"estetica-cosmetica-dental-2","status":"publish","type":"page","link":"https:\/\/clinicadentalvitalcr.com\/en\/estetica-cosmetica-dental-2\/","title":{"rendered":"Aesthetic &amp; Cosmetic Dental Work"},"content":{"rendered":"\t\t<div data-elementor-type=\"wp-page\" data-elementor-id=\"2933\" class=\"elementor elementor-2933\" data-elementor-post-type=\"page\">\n\t\t\t\t<div class=\"elementor-element elementor-element-020fc3b e-flex e-con-boxed wpr-particle-no wpr-jarallax-no wpr-parallax-no wpr-sticky-section-no e-con e-parent\" data-id=\"020fc3b\" data-element_type=\"container\" data-e-type=\"container\" data-settings=\"{&quot;background_background&quot;:&quot;classic&quot;}\">\n\t\t\t\t\t<div class=\"e-con-inner\">\n\t\t<div class=\"elementor-element elementor-element-bba34dd e-con-full e-flex wpr-particle-no wpr-jarallax-no wpr-parallax-no wpr-sticky-section-no e-con e-child\" data-id=\"bba34dd\" data-element_type=\"container\" data-e-type=\"container\">\n\t\t\t\t<div class=\"elementor-element elementor-element-b489df0 animated-fast elementor-widget-mobile__width-initial elementor-widget__width-initial elementor-invisible elementor-widget elementor-widget-heading\" data-id=\"b489df0\" data-element_type=\"widget\" data-e-type=\"widget\" data-settings=\"{&quot;_animation&quot;:&quot;fadeIn&quot;}\" data-widget_type=\"heading.default\">\n\t\t\t\t<div class=\"elementor-widget-container\">\n\t\t\t\t\t<h2 class=\"elementor-heading-title elementor-size-default\">Est\u00c9tica &amp; Cosm\u00c9tica Dental<\/h2>\t\t\t\t<\/div>\n\t\t\t\t<\/div>\n\t\t\t\t<\/div>\n\t\t\t\t\t<\/div>\n\t\t\t\t<\/div>\n\t\t<div class=\"elementor-element elementor-element-7eb71d0 animated-slow e-flex e-con-boxed wpr-particle-no wpr-jarallax-no wpr-parallax-no wpr-sticky-section-no e-con e-parent\" data-id=\"7eb71d0\" data-element_type=\"container\" data-e-type=\"container\" data-settings=\"{&quot;background_background&quot;:&quot;classic&quot;,&quot;animation&quot;:&quot;none&quot;,&quot;animation_delay&quot;:3}\">\n\t\t\t\t\t<div class=\"e-con-inner\">\n\t\t<div class=\"elementor-element elementor-element-5c643de e-con-full animated-slow e-flex wpr-particle-no wpr-jarallax-no wpr-parallax-no wpr-sticky-section-no elementor-invisible e-con e-child\" data-id=\"5c643de\" data-element_type=\"container\" data-e-type=\"container\" data-settings=\"{&quot;animation&quot;:&quot;fadeInUp&quot;,&quot;animation_delay&quot;:0}\">\n\t\t\t\t<div class=\"elementor-element elementor-element-b19f6b2 elementor-widget elementor-widget-heading\" data-id=\"b19f6b2\" data-element_type=\"widget\" data-e-type=\"widget\" data-widget_type=\"heading.default\">\n\t\t\t\t<div class=\"elementor-widget-container\">\n\t\t\t\t\t<h2 class=\"elementor-heading-title elementor-size-default\">Est\u00e9tica y Cosm\u00e9tica Dental en Dental Vital<\/h2>\t\t\t\t<\/div>\n\t\t\t\t<\/div>\n\t\t\t\t<div class=\"elementor-element elementor-element-b90a756 elementor-widget__width-initial elementor-widget-tablet__width-initial elementor-widget elementor-widget-text-editor\" data-id=\"b90a756\" data-element_type=\"widget\" data-e-type=\"widget\" data-widget_type=\"text-editor.default\">\n\t\t\t\t<div class=\"elementor-widget-container\">\n\t\t\t\t\t\t\t\t\t<p class=\"p1\">En <b>Dental Vital<\/b>, transformamos sonrisas con tratamientos avanzados y personalizados. Nuestros servicios incluyen:<\/p><p class=\"p1\">\u2022<b>Dise\u00f1o de Sonrisa Digital<\/b>: Recupera una sonrisa joven y armoniosa con tratamientos que corrigen desgaste, manchas o malposiciones, dise\u00f1ados seg\u00fan tus caracter\u00edsticas \u00fanicas.<\/p><p class=\"p1\">\u2022<b>Microcarillas de Porcelana<\/b>: L\u00e1minas ultrafinas que mejoran est\u00e9tica, corrigen fracturas o pigmentaciones severas, y transforman tu sonrisa de manera natural y duradera.<\/p><p class=\"p1\">\u2022<b>Laminados de Resina<\/b>: Alternativa r\u00e1pida y no invasiva para peque\u00f1as imperfecciones, con resultados inmediatos y personalizados.<\/p><p class=\"p1\">\u2022<b>Blanqueamiento Dental Profesional<\/b>: Ilumina tu sonrisa hasta 10 tonalidades una manera segura y<span class=\"Apple-converted-space\">\u00a0 <\/span>efectiva a partir de protocolos personalizados.<\/p><p class=\"p1\">Agenda tu consulta y vive la experiencia Dental Vital!<\/p>\t\t\t\t\t\t\t\t<\/div>\n\t\t\t\t<\/div>\n\t\t\t\t<\/div>\n\t\t\t\t\t<\/div>\n\t\t\t\t<\/div>\n\t\t<div class=\"elementor-element elementor-element-b876fce e-con-full e-flex wpr-particle-no wpr-jarallax-no wpr-parallax-no wpr-sticky-section-no elementor-invisible e-con e-parent\" data-id=\"b876fce\" data-element_type=\"container\" data-e-type=\"container\" data-settings=\"{&quot;background_background&quot;:&quot;classic&quot;,&quot;animation&quot;:&quot;fadeInUp&quot;}\">\n\t\t<div class=\"elementor-element elementor-element-6910395 e-con-full animated-slow e-flex wpr-particle-no wpr-jarallax-no wpr-parallax-no wpr-sticky-section-no elementor-invisible e-con e-child\" data-id=\"6910395\" data-element_type=\"container\" data-e-type=\"container\" data-settings=\"{&quot;animation&quot;:&quot;fadeInRight&quot;,&quot;background_background&quot;:&quot;classic&quot;,&quot;shape_divider_bottom&quot;:&quot;mountains&quot;}\">\n\t\t\t\t<div class=\"elementor-shape elementor-shape-bottom\" aria-hidden=\"true\" data-negative=\"false\">\n\t\t\t<svg xmlns=\"http:\/\/www.w3.org\/2000\/svg\" viewBox=\"0 0 1000 100\" preserveAspectRatio=\"none\">\n\t<path class=\"elementor-shape-fill\" opacity=\"0.33\" d=\"M473,67.3c-203.9,88.3-263.1-34-320.3,0C66,119.1,0,59.7,0,59.7V0h1000v59.7 c0,0-62.1,26.1-94.9,29.3c-32.8,3.3-62.8-12.3-75.8-22.1C806,49.6,745.3,8.7,694.9,4.7S492.4,59,473,67.3z\"\/>\n\t<path class=\"elementor-shape-fill\" opacity=\"0.66\" d=\"M734,67.3c-45.5,0-77.2-23.2-129.1-39.1c-28.6-8.7-150.3-10.1-254,39.1 s-91.7-34.4-149.2,0C115.7,118.3,0,39.8,0,39.8V0h1000v36.5c0,0-28.2-18.5-92.1-18.5C810.2,18.1,775.7,67.3,734,67.3z\"\/>\n\t<path class=\"elementor-shape-fill\" d=\"M766.1,28.9c-200-57.5-266,65.5-395.1,19.5C242,1.8,242,5.4,184.8,20.6C128,35.8,132.3,44.9,89.9,52.5C28.6,63.7,0,0,0,0 h1000c0,0-9.9,40.9-83.6,48.1S829.6,47,766.1,28.9z\"\/>\n<\/svg>\t\t<\/div>\n\t\t<div class=\"elementor-element elementor-element-47e6f4a e-con-full e-flex wpr-particle-no wpr-jarallax-no wpr-parallax-no wpr-sticky-section-no e-con e-child\" data-id=\"47e6f4a\" data-element_type=\"container\" data-e-type=\"container\">\n\t\t\t\t<div class=\"elementor-element elementor-element-e703819 elementor-widget elementor-widget-text-editor\" data-id=\"e703819\" data-element_type=\"widget\" data-e-type=\"widget\" data-widget_type=\"text-editor.default\">\n\t\t\t\t<div class=\"elementor-widget-container\">\n\t\t\t\t\t\t\t\t\t<p class=\"p1\"><strong>\u201cLa est\u00e9tica dental es una uni\u00f3n de ciencia, arte y emoci\u00f3n, capaz de transformar vidas al armonizar sonrisas con la esencia \u00fanica de cada persona. Para el Dr. Lara, cada tratamiento es una obra maestra que combina precisi\u00f3n cient\u00edfica y sensibilidad art\u00edstica. Su filosof\u00eda honra la simetr\u00eda, la proporci\u00f3n y la luz, creando sonrisas que no solo son bellas, sino que inspiran confianza y bienestar.\u201d<\/strong><\/p>\t\t\t\t\t\t\t\t<\/div>\n\t\t\t\t<\/div>\n\t\t\t\t<\/div>\n\t\t\t\t<\/div>\n\t\t<div class=\"elementor-element elementor-element-7df70b0 e-con-full animated-slow e-flex wpr-particle-no wpr-jarallax-no wpr-parallax-no wpr-sticky-section-no elementor-invisible e-con e-child\" data-id=\"7df70b0\" data-element_type=\"container\" data-e-type=\"container\" data-settings=\"{&quot;background_background&quot;:&quot;slideshow&quot;,&quot;animation&quot;:&quot;fadeInLeft&quot;,&quot;background_slideshow_gallery&quot;:[{&quot;id&quot;:2944,&quot;url&quot;:&quot;https:\\\/\\\/clinicadentalvitalcr.com\\\/wp-content\\\/uploads\\\/2025\\\/01\\\/estetic6.png&quot;},{&quot;id&quot;:2945,&quot;url&quot;:&quot;https:\\\/\\\/clinicadentalvitalcr.com\\\/wp-content\\\/uploads\\\/2025\\\/01\\\/estetic7.png&quot;},{&quot;id&quot;:2946,&quot;url&quot;:&quot;https:\\\/\\\/clinicadentalvitalcr.com\\\/wp-content\\\/uploads\\\/2025\\\/01\\\/estetic8.png&quot;},{&quot;id&quot;:2947,&quot;url&quot;:&quot;https:\\\/\\\/clinicadentalvitalcr.com\\\/wp-content\\\/uploads\\\/2025\\\/01\\\/estetic9.png&quot;},{&quot;id&quot;:2948,&quot;url&quot;:&quot;https:\\\/\\\/clinicadentalvitalcr.com\\\/wp-content\\\/uploads\\\/2025\\\/01\\\/estetic10.png&quot;},{&quot;id&quot;:2949,&quot;url&quot;:&quot;https:\\\/\\\/clinicadentalvitalcr.com\\\/wp-content\\\/uploads\\\/2025\\\/01\\\/estetic11.png&quot;},{&quot;id&quot;:3439,&quot;url&quot;:&quot;https:\\\/\\\/clinicadentalvitalcr.com\\\/wp-content\\\/uploads\\\/2025\\\/02\\\/estetic4.png&quot;},{&quot;id&quot;:3440,&quot;url&quot;:&quot;https:\\\/\\\/clinicadentalvitalcr.com\\\/wp-content\\\/uploads\\\/2025\\\/02\\\/estetic5.png&quot;},{&quot;id&quot;:3441,&quot;url&quot;:&quot;https:\\\/\\\/clinicadentalvitalcr.com\\\/wp-content\\\/uploads\\\/2025\\\/02\\\/estetic2.png&quot;},{&quot;id&quot;:3442,&quot;url&quot;:&quot;https:\\\/\\\/clinicadentalvitalcr.com\\\/wp-content\\\/uploads\\\/2025\\\/02\\\/estetic3.png&quot;}],&quot;background_slideshow_slide_duration&quot;:2000,&quot;background_slideshow_loop&quot;:&quot;yes&quot;,&quot;background_slideshow_slide_transition&quot;:&quot;fade&quot;,&quot;background_slideshow_transition_duration&quot;:500}\">\n\t\t\t\t<\/div>\n\t\t\t\t<\/div>\n\t\t\t\t<\/div>\n\t\t","protected":false},"excerpt":{"rendered":"<p>Est\u00c9tica &amp; Cosm\u00c9tica Dental Est\u00e9tica y Cosm\u00e9tica Dental en Dental Vital En Dental Vital, transformamos sonrisas con tratamientos avanzados y personalizados. Nuestros servicios incluyen: \u2022Dise\u00f1o de Sonrisa Digital: Recupera una sonrisa joven y armoniosa con tratamientos que corrigen desgaste, manchas o malposiciones, dise\u00f1ados seg\u00fan tus caracter\u00edsticas \u00fanicas. \u2022Microcarillas de Porcelana: L\u00e1minas ultrafinas que mejoran est\u00e9tica, corrigen fracturas o pigmentaciones severas, y transforman tu sonrisa de manera natural y duradera. \u2022Laminados de Resina: Alternativa r\u00e1pida y no invasiva para peque\u00f1as imperfecciones, con resultados inmediatos y personalizados. \u2022Blanqueamiento Dental Profesional: Ilumina tu sonrisa hasta 10 tonalidades una manera segura y\u00a0 efectiva a partir de protocolos personalizados. Agenda tu consulta y vive la experiencia Dental Vital! \u201cLa est\u00e9tica dental es una uni\u00f3n de ciencia, arte y emoci\u00f3n, capaz de transformar vidas al armonizar sonrisas con la esencia \u00fanica de cada persona. Para el Dr. Lara, cada tratamiento es una obra maestra que combina precisi\u00f3n cient\u00edfica y sensibilidad art\u00edstica. Su filosof\u00eda honra la simetr\u00eda, la proporci\u00f3n y la luz, creando sonrisas que no solo son bellas, sino que inspiran confianza y bienestar.\u201d<\/p>","protected":false},"author":1,"featured_media":0,"parent":0,"menu_order":0,"comment_status":"closed","ping_status":"closed","template":"","meta":{"footnotes":""},"class_list":["post-2933","page","type-page","status-publish","hentry"],"_links":{"self":[{"href":"https:\/\/clinicadentalvitalcr.com\/en\/wp-json\/wp\/v2\/pages\/2933","targetHints":{"allow":["GET"]}}],"collection":[{"href":"https:\/\/clinicadentalvitalcr.com\/en\/wp-json\/wp\/v2\/pages"}],"about":[{"href":"https:\/\/clinicadentalvitalcr.com\/en\/wp-json\/wp\/v2\/types\/page"}],"author":[{"embeddable":true,"href":"https:\/\/clinicadentalvitalcr.com\/en\/wp-json\/wp\/v2\/users\/1"}],"replies":[{"embeddable":true,"href":"https:\/\/clinicadentalvitalcr.com\/en\/wp-json\/wp\/v2\/comments?post=2933"}],"version-history":[{"count":13,"href":"https:\/\/clinicadentalvitalcr.com\/en\/wp-json\/wp\/v2\/pages\/2933\/revisions"}],"predecessor-version":[{"id":3445,"href":"https:\/\/clinicadentalvitalcr.com\/en\/wp-json\/wp\/v2\/pages\/2933\/revisions\/3445"}],"wp:attachment":[{"href":"https:\/\/clinicadentalvitalcr.com\/en\/wp-json\/wp\/v2\/media?parent=2933"}],"curies":[{"name":"wp","href":"https:\/\/api.w.org\/{rel}","templated":true}]}}