{"id":2938,"date":"2025-01-26T13:21:43","date_gmt":"2025-01-26T13:21:43","guid":{"rendered":"https:\/\/clinicadentalvitalcr.com\/?page_id=2938"},"modified":"2025-02-01T16:04:51","modified_gmt":"2025-02-01T16:04:51","slug":"micro-endodoncia-tratamiento-conducto-nervio","status":"publish","type":"page","link":"https:\/\/clinicadentalvitalcr.com\/en\/micro-endodoncia-tratamiento-conducto-nervio\/","title":{"rendered":"Micro Endodoncia &#8211; Tratamiento de Conducto (Nervio)"},"content":{"rendered":"\t\t<div data-elementor-type=\"wp-page\" data-elementor-id=\"2938\" class=\"elementor elementor-2938\" data-elementor-post-type=\"page\">\n\t\t\t\t<div class=\"elementor-element elementor-element-020fc3b e-flex e-con-boxed wpr-particle-no wpr-jarallax-no wpr-parallax-no wpr-sticky-section-no wpr-equal-height-no e-con e-parent\" data-id=\"020fc3b\" data-element_type=\"container\" data-e-type=\"container\" data-settings=\"{&quot;background_background&quot;:&quot;classic&quot;}\">\n\t\t\t\t\t<div class=\"e-con-inner\">\n\t\t<div class=\"elementor-element elementor-element-bba34dd e-con-full e-flex wpr-particle-no wpr-jarallax-no wpr-parallax-no wpr-sticky-section-no wpr-equal-height-no e-con e-child\" data-id=\"bba34dd\" data-element_type=\"container\" data-e-type=\"container\">\n\t\t\t\t<div class=\"elementor-element elementor-element-b489df0 animated-fast elementor-widget-mobile__width-initial elementor-widget__width-initial elementor-invisible elementor-widget elementor-widget-heading\" data-id=\"b489df0\" data-element_type=\"widget\" data-e-type=\"widget\" data-settings=\"{&quot;_animation&quot;:&quot;fadeIn&quot;}\" data-widget_type=\"heading.default\">\n\t\t\t\t<div class=\"elementor-widget-container\">\n\t\t\t\t\t<h2 class=\"elementor-heading-title elementor-size-default\">Micro Endodoncia - Tratamiento de conducto (nervio)<\/h2>\t\t\t\t<\/div>\n\t\t\t\t<\/div>\n\t\t\t\t<\/div>\n\t\t\t\t\t<\/div>\n\t\t\t\t<\/div>\n\t\t<div class=\"elementor-element elementor-element-7eb71d0 animated-slow e-flex e-con-boxed wpr-particle-no wpr-jarallax-no wpr-parallax-no wpr-sticky-section-no wpr-equal-height-no e-con e-parent\" data-id=\"7eb71d0\" data-element_type=\"container\" data-e-type=\"container\" data-settings=\"{&quot;background_background&quot;:&quot;classic&quot;,&quot;animation&quot;:&quot;none&quot;,&quot;animation_delay&quot;:3}\">\n\t\t\t\t\t<div class=\"e-con-inner\">\n\t\t<div class=\"elementor-element elementor-element-5c643de e-con-full animated-slow e-flex wpr-particle-no wpr-jarallax-no wpr-parallax-no wpr-sticky-section-no wpr-equal-height-no elementor-invisible e-con e-child\" data-id=\"5c643de\" data-element_type=\"container\" data-e-type=\"container\" data-settings=\"{&quot;animation&quot;:&quot;fadeInUp&quot;,&quot;animation_delay&quot;:0}\">\n\t\t\t\t<div class=\"elementor-element elementor-element-b19f6b2 elementor-widget elementor-widget-heading\" data-id=\"b19f6b2\" data-element_type=\"widget\" data-e-type=\"widget\" data-widget_type=\"heading.default\">\n\t\t\t\t<div class=\"elementor-widget-container\">\n\t\t\t\t\t<h2 class=\"elementor-heading-title elementor-size-default\">Tratamiento de Nervio (Micro Endodoncia) \n<\/h2>\t\t\t\t<\/div>\n\t\t\t\t<\/div>\n\t\t\t\t<div class=\"elementor-element elementor-element-b90a756 elementor-widget__width-initial elementor-widget-tablet__width-initial elementor-widget elementor-widget-text-editor\" data-id=\"b90a756\" data-element_type=\"widget\" data-e-type=\"widget\" data-widget_type=\"text-editor.default\">\n\t\t\t\t<div class=\"elementor-widget-container\">\n\t\t\t\t\t\t\t\t\t<p class=\"p1\">\u00bfSientes dolor dental intenso o sensibilidad que no desaparece? En <b>Dental Vital<\/b>, ofrecemos tratamientos de conducto avanzados para salvar tus dientes y aliviar el dolor de manera segura y sin molestias.<\/p><p class=\"p1\">La endodoncia consiste en eliminar el nervio y los tejidos da\u00f1ados dentro del diente, sellando los conductos con materiales biocompatibles para restaurar su funci\u00f3n. Aunque el diente ya no sea vital, seguir\u00e1 funcionando en procesos como la masticaci\u00f3n. En algunos casos, colocamos una corona para proteger el diente y garantizar su durabilidad.<\/p>\t\t\t\t\t\t\t\t<\/div>\n\t\t\t\t<\/div>\n\t\t\t\t<\/div>\n\t\t\t\t\t<\/div>\n\t\t\t\t<\/div>\n\t\t<div class=\"elementor-element elementor-element-b876fce e-con-full e-flex wpr-particle-no wpr-jarallax-no wpr-parallax-no wpr-sticky-section-no wpr-equal-height-no elementor-invisible e-con e-parent\" data-id=\"b876fce\" data-element_type=\"container\" data-e-type=\"container\" data-settings=\"{&quot;background_background&quot;:&quot;classic&quot;,&quot;animation&quot;:&quot;fadeInUp&quot;}\">\n\t\t<div class=\"elementor-element elementor-element-6910395 e-con-full animated-slow e-flex wpr-particle-no wpr-jarallax-no wpr-parallax-no wpr-sticky-section-no wpr-equal-height-no elementor-invisible e-con e-child\" data-id=\"6910395\" data-element_type=\"container\" data-e-type=\"container\" data-settings=\"{&quot;animation&quot;:&quot;fadeInRight&quot;,&quot;background_background&quot;:&quot;classic&quot;,&quot;shape_divider_bottom&quot;:&quot;mountains&quot;}\">\n\t\t\t\t<div class=\"elementor-shape elementor-shape-bottom\" aria-hidden=\"true\" data-negative=\"false\">\n\t\t\t<svg xmlns=\"http:\/\/www.w3.org\/2000\/svg\" viewBox=\"0 0 1000 100\" preserveAspectRatio=\"none\">\n\t<path class=\"elementor-shape-fill\" opacity=\"0.33\" d=\"M473,67.3c-203.9,88.3-263.1-34-320.3,0C66,119.1,0,59.7,0,59.7V0h1000v59.7 c0,0-62.1,26.1-94.9,29.3c-32.8,3.3-62.8-12.3-75.8-22.1C806,49.6,745.3,8.7,694.9,4.7S492.4,59,473,67.3z\"\/>\n\t<path class=\"elementor-shape-fill\" opacity=\"0.66\" d=\"M734,67.3c-45.5,0-77.2-23.2-129.1-39.1c-28.6-8.7-150.3-10.1-254,39.1 s-91.7-34.4-149.2,0C115.7,118.3,0,39.8,0,39.8V0h1000v36.5c0,0-28.2-18.5-92.1-18.5C810.2,18.1,775.7,67.3,734,67.3z\"\/>\n\t<path class=\"elementor-shape-fill\" d=\"M766.1,28.9c-200-57.5-266,65.5-395.1,19.5C242,1.8,242,5.4,184.8,20.6C128,35.8,132.3,44.9,89.9,52.5C28.6,63.7,0,0,0,0 h1000c0,0-9.9,40.9-83.6,48.1S829.6,47,766.1,28.9z\"\/>\n<\/svg>\t\t<\/div>\n\t\t<div class=\"elementor-element elementor-element-47e6f4a e-con-full e-flex wpr-particle-no wpr-jarallax-no wpr-parallax-no wpr-sticky-section-no wpr-equal-height-no e-con e-child\" data-id=\"47e6f4a\" data-element_type=\"container\" data-e-type=\"container\">\n\t\t\t\t<div class=\"elementor-element elementor-element-e703819 elementor-widget elementor-widget-text-editor\" data-id=\"e703819\" data-element_type=\"widget\" data-e-type=\"widget\" data-widget_type=\"text-editor.default\">\n\t\t\t\t<div class=\"elementor-widget-container\">\n\t\t\t\t\t\t\t\t\t<p>Gracias a nuestra tecnolog\u00eda de vanguardia, anestesia moderna y la experiencia de nuestros especialistas, el procedimiento es indoloro y altamente efectivo, con tasas de \u00e9xito de hasta el 90%. Si buscas aliviar el dolor y conservar tu sonrisa, \u00a1conf\u00eda en Dental Vital!<\/p><p><strong>Agenda tu consulta y experimenta una atenci\u00f3n c\u00f3moda y profesional.<\/strong><\/p>\t\t\t\t\t\t\t\t<\/div>\n\t\t\t\t<\/div>\n\t\t\t\t<\/div>\n\t\t\t\t<\/div>\n\t\t<div class=\"elementor-element elementor-element-7df70b0 e-con-full animated-slow e-flex wpr-particle-no wpr-jarallax-no wpr-parallax-no wpr-sticky-section-no wpr-equal-height-no elementor-invisible e-con e-child\" data-id=\"7df70b0\" data-element_type=\"container\" data-e-type=\"container\" data-settings=\"{&quot;background_background&quot;:&quot;slideshow&quot;,&quot;animation&quot;:&quot;fadeInLeft&quot;,&quot;background_slideshow_gallery&quot;:[{&quot;id&quot;:2967,&quot;url&quot;:&quot;https:\\\/\\\/clinicadentalvitalcr.com\\\/wp-content\\\/uploads\\\/2025\\\/01\\\/endo2.png&quot;},{&quot;id&quot;:2968,&quot;url&quot;:&quot;https:\\\/\\\/clinicadentalvitalcr.com\\\/wp-content\\\/uploads\\\/2025\\\/01\\\/endo3.png&quot;},{&quot;id&quot;:2969,&quot;url&quot;:&quot;https:\\\/\\\/clinicadentalvitalcr.com\\\/wp-content\\\/uploads\\\/2025\\\/01\\\/endo4.png&quot;}],&quot;background_slideshow_slide_duration&quot;:2000,&quot;background_slideshow_loop&quot;:&quot;yes&quot;,&quot;background_slideshow_slide_transition&quot;:&quot;fade&quot;,&quot;background_slideshow_transition_duration&quot;:500}\">\n\t\t\t\t<\/div>\n\t\t\t\t<\/div>\n\t\t\t\t<\/div>\n\t\t","protected":false},"excerpt":{"rendered":"<p>Micro Endodoncia &#8211; Tratamiento de conducto (nervio) Tratamiento de Nervio (Micro Endodoncia) \u00bfSientes dolor dental intenso o sensibilidad que no desaparece? En Dental Vital, ofrecemos tratamientos de conducto avanzados para salvar tus dientes y aliviar el dolor de manera segura y sin molestias. La endodoncia consiste en eliminar el nervio y los tejidos da\u00f1ados dentro del diente, sellando los conductos con materiales biocompatibles para restaurar su funci\u00f3n. Aunque el diente ya no sea vital, seguir\u00e1 funcionando en procesos como la masticaci\u00f3n. En algunos casos, colocamos una corona para proteger el diente y garantizar su durabilidad. Gracias a nuestra tecnolog\u00eda de vanguardia, anestesia moderna y la experiencia de nuestros especialistas, el procedimiento es indoloro y altamente efectivo, con tasas de \u00e9xito de hasta el 90%. Si buscas aliviar el dolor y conservar tu sonrisa, \u00a1conf\u00eda en Dental Vital! Agenda tu consulta y experimenta una atenci\u00f3n c\u00f3moda y profesional.<\/p>","protected":false},"author":1,"featured_media":0,"parent":0,"menu_order":0,"comment_status":"closed","ping_status":"closed","template":"","meta":{"footnotes":""},"class_list":["post-2938","page","type-page","status-publish","hentry"],"_links":{"self":[{"href":"https:\/\/clinicadentalvitalcr.com\/en\/wp-json\/wp\/v2\/pages\/2938","targetHints":{"allow":["GET"]}}],"collection":[{"href":"https:\/\/clinicadentalvitalcr.com\/en\/wp-json\/wp\/v2\/pages"}],"about":[{"href":"https:\/\/clinicadentalvitalcr.com\/en\/wp-json\/wp\/v2\/types\/page"}],"author":[{"embeddable":true,"href":"https:\/\/clinicadentalvitalcr.com\/en\/wp-json\/wp\/v2\/users\/1"}],"replies":[{"embeddable":true,"href":"https:\/\/clinicadentalvitalcr.com\/en\/wp-json\/wp\/v2\/comments?post=2938"}],"version-history":[{"count":7,"href":"https:\/\/clinicadentalvitalcr.com\/en\/wp-json\/wp\/v2\/pages\/2938\/revisions"}],"predecessor-version":[{"id":3254,"href":"https:\/\/clinicadentalvitalcr.com\/en\/wp-json\/wp\/v2\/pages\/2938\/revisions\/3254"}],"wp:attachment":[{"href":"https:\/\/clinicadentalvitalcr.com\/en\/wp-json\/wp\/v2\/media?parent=2938"}],"curies":[{"name":"wp","href":"https:\/\/api.w.org\/{rel}","templated":true}]}}